{"id":275,"date":"2022-03-15T10:25:35","date_gmt":"2022-03-15T09:25:35","guid":{"rendered":"http:\/\/fronta.ba\/index.php\/programska-deklaracija-za-gradjansku-drzevu-copy\/"},"modified":"2022-03-31T09:33:16","modified_gmt":"2022-03-31T07:33:16","slug":"politicka-akademija","status":"publish","type":"page","link":"http:\/\/fronta.ba\/index.php\/politicka-akademija\/","title":{"rendered":"Politi\u010dka akademija"},"content":{"rendered":"<div id=\"themify_builder_content-275\" data-postid=\"275\" class=\"themify_builder_content themify_builder_content-275 themify_builder\">\n    \t<!-- module_row -->\n\t<div  class=\"themify_builder_row module_row clearfix repeat wow bounceInLeft fullwidth module_row_0 themify_builder_275_row module_row_275-0 tb_y8wx374\">\n\t    \t    <div class=\"row_inner col_align_top gutter-narrow\" >\n\t\t\t<div  class=\"module_column tb-column col4-1 first tb_275_column module_column_0 module_column_275-0-0 tb_e8dk660\" style=\"width: 10.6%\" >\n\t    \t    \t<\/div>\n\t\t<div  class=\"module_column tb-column col4-1 second tb_275_column module_column_1 module_column_275-0-1 tb_ezea400\" style=\"width: 24.6%\" >\n\t    \t    \t        <div class=\"tb-column-inner\">\n\t\t    \n\n    <!-- module image -->\n    <div  class=\"module module-image image-275-0-1-0  image-top   tb_cn6f729\">\n                <div class=\"image-wrap\">\n                            <a href=\"http:\/\/fronta.ba\/\"\n                                      >\n                                           <img loading=\"lazy\" width=\"300\" height=\"134\" src=\"http:\/\/fronta.ba\/wp-content\/uploads\/2022\/03\/site_logo_white_300x134.png\" class=\" wp-post-image wp-image-50\" alt=\"site_logo_white_300x134\" \/>                <\/a>\n            \n                        <\/div>\n            <!-- \/image-wrap -->\n        \n        \n        <\/div>\n    <!-- \/module image -->\n\n\t        <\/div>\n\t    \t<\/div>\n\t\t<div  class=\"module_column tb-column col4-1 third tb_275_column module_column_2 module_column_275-0-2 tb_7cwq940\" style=\"width: 48%\" >\n\t    \t    \t        <div class=\"tb-column-inner\">\n\t\t    \n\n    <!-- module menu -->\n    <div  class=\"module module-menu menu-275-0-2-0   tb_f5jg400 mobile-menu-slide tb-align-right\" data-menu-style=\"mobile-menu-slide\" data-element-id=\"tb_f5jg400\">\n        \n        <div class=\"module-menu-container tb-align-right\"><ul id=\"menu-glavni-meni\" class=\"ui nav menu-bar transparent \"><li id=\"menu-item-291\" class=\"menu-item menu-item-type-custom menu-item-object-custom menu-item-home menu-item-291\"><a href=\"http:\/\/fronta.ba\/#program\">PROGRAM<\/a><\/li>\n<li id=\"menu-item-292\" class=\"menu-item menu-item-type-custom menu-item-object-custom menu-item-home menu-item-292\"><a href=\"http:\/\/fronta.ba\/#fronta\">FRONTA<\/a><\/li>\n<li id=\"menu-item-293\" class=\"menu-item menu-item-type-custom menu-item-object-custom menu-item-home menu-item-293\"><a href=\"http:\/\/fronta.ba\/#organizacija\">ORGANIZACIJE<\/a><\/li>\n<li id=\"menu-item-294\" class=\"menu-item menu-item-type-custom menu-item-object-custom menu-item-home menu-item-294\"><a href=\"http:\/\/fronta.ba\/#kontakt\">KONTAKT<\/a><\/li>\n<\/ul><\/div>    <\/div>\n    <!-- \/module menu -->\n\n\t        <\/div>\n\t    \t<\/div>\n\t\t<div  class=\"module_column tb-column col4-1 last tb_275_column module_column_3 module_column_275-0-3 tb_32ru042\" style=\"width: 12%\" >\n\t    \t    \t<\/div>\n\t\t    <\/div>\n\t    <!-- \/row_inner -->\n\t<\/div>\n\t<!-- \/module_row -->\n\t\t<!-- module_row -->\n\t<div  class=\"themify_builder_row module_row clearfix repeat wow bounceInLeft fullwidth module_row_1 themify_builder_275_row module_row_275-1 tb_ztjd000\">\n\t    \t    <div class=\"row_inner col_align_top gutter-narrow\" >\n\t\t\t<div  class=\"module_column tb-column col4-1 first tb_275_column module_column_0 module_column_275-1-0 tb_r3pi210\" style=\"width: 11.8%\" >\n\t    \t    \t<\/div>\n\t\t<div  class=\"module_column tb-column col4-1 second tb_275_column module_column_1 module_column_275-1-1 tb_cpca248\" style=\"width: 45%\" >\n\t    \t    \t        <div class=\"tb-column-inner\">\n\t\t    \n\n<!-- module text -->\n<div  class=\"module module-text text-275-1-1-0  repeat   tb_o8w9810\">\n        <div  class=\"tb_text_wrap\">\n    <h1><b>Politi\u010dka akadmija<\/b><\/h1>    <\/div>\n<\/div>\n<!-- \/module text -->\n\n\n\n<!-- module text -->\n<div  class=\"module module-text text-275-1-1-1  repeat   tb_nv1w891\">\n        <div  class=\"tb_text_wrap\">\n    <p>Cilj osnivanja Politi\u010dke akademije jest politi\u010dko obrazovanje i usavr\u0161avanje, te podizanje nivoa politi\u010dke komunikacije i kulture dijaloga \u010dlanova Stranke.<\/p>    <\/div>\n<\/div>\n<!-- \/module text -->\n\n\t        <\/div>\n\t    \t<\/div>\n\t\t<div  class=\"module_column tb-column col4-1 third tb_275_column module_column_2 module_column_275-1-2 tb_3ler022\" style=\"width: 30%\" >\n\t    \t    \t<\/div>\n\t\t<div  class=\"module_column tb-column col4-1 last tb_275_column module_column_3 module_column_275-1-3 tb_vhc4862\" style=\"width: 8.4%\" >\n\t    \t    \t<\/div>\n\t\t    <\/div>\n\t    <!-- \/row_inner -->\n\t<\/div>\n\t<!-- \/module_row -->\n\t\t<!-- module_row -->\n\t<div  class=\"themify_builder_row module_row clearfix module_row_2 themify_builder_275_row module_row_275-2 tb_qf1w002\">\n\t    \t    <div class=\"row_inner col_align_top\" >\n\t\t\t<div  class=\"module_column tb-column col4-2 first tb_275_column module_column_0 module_column_275-2-0 tb_1o12488\" style=\"width: 66.8%\" >\n\t    \t    \t        <div class=\"tb-column-inner\">\n\t\t    \n\n<!-- module text -->\n<div  class=\"module module-text text-275-2-0-0  repeat   tb_cs54430\">\n        <div  class=\"tb_text_wrap\">\n    <p>Uvod.<\/p>    <\/div>\n<\/div>\n<!-- \/module text -->\n\n\n\n<!-- module text -->\n<div  class=\"module module-text text-275-2-0-1  repeat   tb_i5p5030\">\n        <div  class=\"tb_text_wrap\">\n    <p>Politi\u010dka akademija Demokratske fronte je Statutom Demokratske fronte propisano tijelo Demokratske fronte za politi\u010dko obrazovanje i usavr\u0161avanje, te podizanje nivoa politi\u010dke komunikacije i kulture dijaloga \u010dlanova Stranke. Akademija ima status organizacione jedinice Sekretarijata Stranke i kao takva u svom radu primjenjuje Statut Stranke. Radom Akademije rukovodi Koordinator Akademije kojeg je za to imenovalo Predsjedni\u0161tvo Stranke.<\/p>    <\/div>\n<\/div>\n<!-- \/module text -->\n\n\t        <\/div>\n\t    \t<\/div>\n\t\t<div  class=\"module_column tb-column col4-2 last tb_275_column module_column_1 module_column_275-2-1 tb_3o3g480\" style=\"width: 30%\" >\n\t    \t    \t<\/div>\n\t\t    <\/div>\n\t    <!-- \/row_inner -->\n\t<\/div>\n\t<!-- \/module_row -->\n\t\t<!-- module_row -->\n\t<div  class=\"themify_builder_row module_row clearfix module_row_3 themify_builder_275_row module_row_275-3 tb_aqiq285\">\n\t    \t    <div class=\"row_inner col_align_top\" >\n\t\t\t<div  class=\"module_column tb-column col4-2 first tb_275_column module_column_0 module_column_275-3-0 tb_lxqs285\" style=\"width: 66.8%\" >\n\t    \t    \t        <div class=\"tb-column-inner\">\n\t\t    \n\n<!-- module text -->\n<div  class=\"module module-text text-275-3-0-0  repeat   tb_harn709\">\n        <div  class=\"tb_text_wrap\">\n    <p>Koordinator.<\/p>    <\/div>\n<\/div>\n<!-- \/module text -->\n\n\n\n<!-- module text -->\n<div  class=\"module module-text text-275-3-0-1  repeat   tb_ub39285\">\n        <div  class=\"tb_text_wrap\">\n    <p><strong>D\u017eevad Ad\u017eem<\/strong><\/p>    <\/div>\n<\/div>\n<!-- \/module text -->\n\n\n\n<!-- module text -->\n<div  class=\"module module-text text-275-3-0-2  repeat   tb_zc2h285\">\n        <div  class=\"tb_text_wrap\">\n    <p>koordinator Politi\u010dke akademije<\/p>\n<p>Ro\u0111en je 15. 1. 1961. u Gora\u017edu. Po zanimanju je profesor odbrane i sigurnosti, a diplomu je stekao na Fakultetu politi\u010dkih nauka u Sarajevu.<\/p>    <\/div>\n<\/div>\n<!-- \/module text -->\n\n\t        <\/div>\n\t    \t<\/div>\n\t\t<div  class=\"module_column tb-column col4-2 last tb_275_column module_column_1 module_column_275-3-1 tb_dlyk285\" style=\"width: 30%\" >\n\t    \t    \t        <div class=\"tb-column-inner\">\n\t\t    \n\n    <!-- module image -->\n    <div  class=\"module module-image image-275-3-1-0 circle image-top   tb_vvn5285\">\n                <div class=\"image-wrap\">\n                            <img loading=\"lazy\" src=\"http:\/\/fronta.ba\/wp-content\/uploads\/2022\/03\/opera-snapshot_2021-02-04_110326_www-klix-ba-1024x682-250x250.png\" width=\"250\" height=\"250\" class=\" wp-post-image wp-image-280\" alt=\"opera-snapshot_2021-02-04_110326_www-klix-ba\" \/>            \n                        <\/div>\n            <!-- \/image-wrap -->\n        \n        \n        <\/div>\n    <!-- \/module image -->\n\n\t        <\/div>\n\t    \t<\/div>\n\t\t    <\/div>\n\t    <!-- \/row_inner -->\n\t<\/div>\n\t<!-- \/module_row -->\n\t\t<!-- module_row -->\n\t<div  class=\"themify_builder_row module_row clearfix module_row_4 themify_builder_275_row module_row_275-4 tb_d69u148\">\n\t    \t    <div class=\"row_inner col_align_top\" >\n\t\t\t<div  class=\"module_column tb-column col4-2 first tb_275_column module_column_0 module_column_275-4-0 tb_bulc149\" style=\"width: 87.8%\" >\n\t    \t    \t        <div class=\"tb-column-inner\">\n\t\t    \n\n<!-- module text -->\n<div  class=\"module module-text text-275-4-0-0  repeat   tb_ndpd149\">\n        <div  class=\"tb_text_wrap\">\n    <p>Savjet akademije.<\/p>    <\/div>\n<\/div>\n<!-- \/module text -->\n\n\n\n<!-- module text -->\n<div  class=\"module module-text text-275-4-0-1  repeat   tb_05gc149\">\n        <div  class=\"tb_text_wrap\">\n    <p>\u00a0<\/p>\n<p>Vije\u0107e za ustavno \u2013 pravna i politi\u010dka pitanja i legislative<\/p>\n<p><strong>Predsjedavaju\u0107i: Dennis Gratz<\/strong><\/p>\n<p>\u00a0<\/p>\n<p>Vije\u0107e za dru\u0161tvena prava<\/p>\n<p><strong>Predsjedavaju\u0107a: Alma Kratina<\/strong><\/p>\n<p>\u00a0<\/p>\n<p>Vije\u0107e za ekonomsku politiku i strategiju<\/p>\n<p><strong>Predsjedavaju\u0107i: Muhidin Zametica\u00a0\u00a0<\/strong><\/p>\n<p>\u00a0<\/p>\n<p>Vije\u0107e za obrazovanje i nauku<\/p>\n<p><strong>Predsjedavaju\u0107a: Aida Arnautovi\u0107\u00a0\u00a0\u00a0<\/strong><\/p>\n<p>\u00a0<\/p>\n<p>Vije\u0107e za edukaciju \u010dlanstva<\/p>\n<p><strong>Predsjedavaju\u0107i:<\/strong><\/p>\n<p>\u00a0<\/p>\n<p>Vije\u0107e za op\u0107e i lokalne izbore:<\/p>\n<p><strong>Predsjedavaju\u0107i:<\/strong><\/p>\n<p>\u00a0<\/p>\n<p>Vije\u0107e za zdravstvo i socijalnu za\u0161titu<\/p>\n<p><strong>Predsjedavaju\u0107i: Milan Mandilovi\u0107<\/strong><\/p>\n<p>\u00a0<\/p>\n<p>Vije\u0107e za dijasporu<\/p>\n<p><strong>Predsjedavaju\u0107i: Mirsad Duratovi\u0107<\/strong><\/p>    <\/div>\n<\/div>\n<!-- \/module text -->\n\n\t        <\/div>\n\t    \t<\/div>\n\t\t<div  class=\"module_column tb-column col4-2 last tb_275_column module_column_1 module_column_275-4-1 tb_jnwx150\" style=\"width: 9%\" >\n\t    \t    \t<\/div>\n\t\t    <\/div>\n\t    <!-- \/row_inner -->\n\t<\/div>\n\t<!-- \/module_row -->\n\t\t<!-- module_row -->\n\t<div  class=\"themify_builder_row module_row clearfix repeat wow bounceInLeft fullwidth module_row_5 themify_builder_275_row module_row_275-5 tb_j1tf059\">\n\t    \t    <div class=\"row_inner col_align_top gutter-narrow\" >\n\t\t\t<div  class=\"module_column tb-column col4-1 first tb_275_column module_column_0 module_column_275-5-0 tb_oa4s006\" style=\"width: 13.6%\" >\n\t    \t    \t<\/div>\n\t\t<div  class=\"module_column tb-column col4-1 second tb_275_column module_column_1 module_column_275-5-1 tb_r2fn850\" style=\"width: 31%\" >\n\t    \t    \t        <div class=\"tb-column-inner\">\n\t\t    \n\n\n    <!-- module video -->\n    <div  class=\"module module-video video-275-5-1-0 video-top    tb_0ai6015\">\n                <div class=\"video-wrap\">\n\t    <iframe title=\"Predizborni spot DF-GS, \u017deljko Kom\u0161i\u0107: BiH Pobje\u0111uje!\" width=\"1165\" height=\"655\" src=\"https:\/\/www.youtube.com\/embed\/7IQXsBqQdp4?feature=oembed\"  allow=\"accelerometer; autoplay; clipboard-write; encrypted-media; gyroscope; picture-in-picture; web-share\" referrerpolicy=\"strict-origin-when-cross-origin\" allowfullscreen><\/iframe>        <\/div>\n        <!-- \/video-wrap -->\n\n            <\/div>\n    <!-- \/module video -->\n    \n\n\n<!-- module text -->\n<div  class=\"module module-text text-275-5-1-1  repeat   tb_uavt500\">\n        <div  class=\"tb_text_wrap\">\n    <p>Kada <strong>pobje\u0111uju<\/strong> po\u0161tenje i istina i <strong>Bosne i Hercegovina<\/strong> pobje\u0111uje!<\/p>    <\/div>\n<\/div>\n<!-- \/module text -->\n\n\t        <\/div>\n\t    \t<\/div>\n\t\t<div  class=\"module_column tb-column col4-1 third tb_275_column module_column_2 module_column_275-5-2 tb_1bgm310\" style=\"width: 36%\" >\n\t    \t    \t        <div class=\"tb-column-inner\">\n\t\t    \n\n<!-- module text -->\n<div  class=\"module module-text text-275-5-2-0  repeat   tb_738o005\">\n        <div  class=\"tb_text_wrap\">\n    <p><strong>Pridru\u017ei <\/strong>nam se.<\/p>    <\/div>\n<\/div>\n<!-- \/module text -->\n\n\t        <\/div>\n\t    \t<\/div>\n\t\t<div  class=\"module_column tb-column col4-1 last tb_275_column module_column_3 module_column_275-5-3 tb_hwxy223\" style=\"width: 14.6%\" >\n\t    \t    \t<\/div>\n\t\t    <\/div>\n\t    <!-- \/row_inner -->\n\t<\/div>\n\t<!-- \/module_row -->\n\t\t<!-- module_row -->\n\t<div  class=\"themify_builder_row module_row clearfix repeat fullwidth module_row_6 themify_builder_275_row module_row_275-6 tb_gb2o259\">\n\t    \t    <div class=\"row_inner col_align_top gutter-none\" >\n\t\t\t<div  class=\"module_column tb-column col-full first tb_275_column module_column_0 module_column_275-6-0 tb_qn4w110\" >\n\t    \t    \t        <div class=\"tb-column-inner\">\n\t\t    \n\n    <!-- module divider -->\n    <div  class=\"module module-divider divider-275-6-0-0 double   divider-custom divider-center tb_n95o401\" style=\"border-width: 1px;border-color: #ffffff;width: 500px;\">\n            <\/div>\n    <!-- \/module divider -->\n\n\t        <\/div>\n\t    \t<\/div>\n\t\t    <\/div>\n\t    <!-- \/row_inner -->\n\t<\/div>\n\t<!-- \/module_row -->\n\t\t<!-- module_row -->\n\t<div  class=\"themify_builder_row module_row clearfix repeat fullwidth module_row_7 themify_builder_275_row module_row_275-7 tb_f0ju600\">\n\t    \t    <div class=\"row_inner col_align_top gutter-none\" >\n\t\t\t<div  class=\"module_column tb-column col5-1 first tb_275_column module_column_0 module_column_275-7-0 tb_n8px600\" style=\"width: 13.56%\" >\n\t    \t    \t<\/div>\n\t\t<div  class=\"module_column tb-column col5-1 second tb_275_column module_column_1 module_column_275-7-1 tb_b5j2600\" style=\"width: 24.88%\" >\n\t    \t    \t        <div class=\"tb-column-inner\">\n\t\t    \n\n<!-- module text -->\n<div  class=\"module module-text text-275-7-1-0  repeat   tb_yts0600\">\n        <div  class=\"tb_text_wrap\">\n    <p><strong>Dokumenti<\/strong><\/p>\n<p>\u00a0<\/p>\n<p><a href=\"http:\/\/fronta.ba\/index.php\/za-gradjansku-drzavu\/\" data-wplink-url-error=\"true\">Programska deklaracija<strong> &#8220;Za gra\u0111ansku dr\u017eavu!&#8221;<\/strong><\/a><\/p>\n<p><a href=\"http:\/\/fronta.ba\/index.php\/osnivacki-manifest\/\" data-wplink-url-error=\"true\"><strong>Manifest<\/strong> Demokratske fronte<\/a><\/p>\n<p><a href=\"http:\/\/fronta.ba\/index.php\/statut\/\" data-wplink-url-error=\"true\"><strong>Statut<\/strong> Demokratske fronte<\/a><\/p>\n<p><a href=\"http:\/\/fronta.ba\/index.php\/politicka-akademija\/\" data-wplink-url-error=\"true\"><strong>Politi\u010dka akademija<\/strong> Demokratske fronte<\/a><\/p>    <\/div>\n<\/div>\n<!-- \/module text -->\n\n\t        <\/div>\n\t    \t<\/div>\n\t\t<div  class=\"module_column tb-column col5-1 third tb_275_column module_column_2 module_column_275-7-2 tb_45nl600\" style=\"width: 23%\" >\n\t    \t    \t        <div class=\"tb-column-inner\">\n\t\t    \n\n<!-- module text -->\n<div  class=\"module module-text text-275-7-2-0  repeat   tb_9cve600\">\n        <div  class=\"tb_text_wrap\">\n    <p><strong>Fronta<\/strong><\/p>\n<p>\u00a0<\/p>\n<p><a href=\"http:\/\/fronta.ba\/index.php\/predsjednistvo\/\" data-wplink-url-error=\"true\">Predsjednik<\/a><\/p>\n<p><a href=\"http:\/\/fronta.ba\/index.php\/dzenan-djonlagic\/\" data-wplink-url-error=\"true\">Generalni sekretar<\/a><\/p>\n<p><a href=\"http:\/\/fronta.ba\/index.php\/predsjednistvo\/\" data-wplink-url-error=\"true\">\u010clanovi Predsjedni\u0161tva<\/a><\/p>\n<p><a href=\"http:\/\/fronta.ba\/index.php\/nosioci-funkcija\/\" data-wplink-url-error=\"true\">Nosioci funkcija<\/a><\/p>    <\/div>\n<\/div>\n<!-- \/module text -->\n\n\t        <\/div>\n\t    \t<\/div>\n\t\t<div  class=\"module_column tb-column col5-1 fourth tb_275_column module_column_3 module_column_275-7-3 tb_uipq600\" style=\"width: 25%\" >\n\t    \t    \t        <div class=\"tb-column-inner\">\n\t\t    \n\n<!-- module text -->\n<div  class=\"module module-text text-275-7-3-0  repeat   tb_pqnt600\">\n        <div  class=\"tb_text_wrap\">\n    <p><strong>Sekretarijat Demokratske fronte<\/strong><\/p>\n<p>\u00a0<\/p>\n<p>Adresa: <strong>Radi\u0107eva br. 8, 71 000 Sarajevo<\/strong><\/p>\n<p>Telefon: <strong>+387 (0)33 710 400<\/strong><\/p>\n<p>Fax: <strong>+387 (0)33 711 620<\/strong><\/p>\n<p>E-mail: <strong>sekretarijat@fronta.ba<\/strong><\/p>    <\/div>\n<\/div>\n<!-- \/module text -->\n\n\t        <\/div>\n\t    \t<\/div>\n\t\t<div  class=\"module_column tb-column col5-1 last tb_275_column module_column_4 module_column_275-7-4 tb_cguy600\" style=\"width: 13.56%\" >\n\t    \t    \t<\/div>\n\t\t    <\/div>\n\t    <!-- \/row_inner -->\n\t<\/div>\n\t<!-- \/module_row -->\n\t\t<!-- module_row -->\n\t<div  class=\"themify_builder_row module_row clearfix fullwidth_row_container module_row_8 themify_builder_275_row module_row_275-8 tb_t01b405\">\n\t    \t    <div class=\"row_inner col_align_top gutter-narrow\" >\n\t\t\t<div  class=\"module_column tb-column col4-2 first tb_275_column module_column_0 module_column_275-8-0 tb_8nga405\" style=\"width: 73.4%\" >\n\t    \t    \t        <div class=\"tb-column-inner\">\n\t\t    \n\n<!-- module text -->\n<div  class=\"module module-text text-275-8-0-0     tb_tw0v405\">\n        <div  class=\"tb_text_wrap\">\n    <p>Copyright \u00a9 2022 &#8211; Demokratska fronta &#8211; Design by AL<\/p>    <\/div>\n<\/div>\n<!-- \/module text -->\n\n\t        <\/div>\n\t    \t<\/div>\n\t\t<div  class=\"module_column tb-column col4-2 last tb_275_column module_column_1 module_column_275-8-1 tb_ce13405\" style=\"width: 25%\" >\n\t    \t    \t        <div class=\"tb-column-inner\">\n\t\t    \n\n    <!-- module icon -->\n    <div  class=\"module module-icon icon-275-8-1-0  large none icon_horizontal   tb_hjnm405\">\n        \t<div class=\"module-icon\">\n                            <div class=\"module-icon-item\">\n                                            <a href=\"https:\/\/www.facebook.com\/Demokratska.fronta.BiH\">\n                                                                            <i class=\"fab fa-facebook-square ui transparent\"><\/i>\n                                                                                                <\/a>\n                                    <\/div>\n                            <div class=\"module-icon-item\">\n                                            <a href=\"https:\/\/www.instagram.com\/demokratskafronta\/ \">\n                                                                            <i class=\"fab fa-instagram ui \"><\/i>\n                                                                                                <\/a>\n                                    <\/div>\n                            <div class=\"module-icon-item\">\n                                            <a href=\"https:\/\/twitter.com\/df_bih \">\n                                                                            <i class=\"ti-twitter-alt ui \"><\/i>\n                                                                                                <\/a>\n                                    <\/div>\n                            <div class=\"module-icon-item\">\n                                            <a href=\"https:\/\/www.youtube.com\/channel\/UC5tYBryUQJvRvMbsf-XN6sw\">\n                                                                            <i class=\"fab fa-youtube ui \"><\/i>\n                                                                                                <\/a>\n                                    <\/div>\n                    <\/div>\n    <\/div>\n    <!-- \/module icon -->\n\n\t        <\/div>\n\t    \t<\/div>\n\t\t    <\/div>\n\t    <!-- \/row_inner -->\n\t<\/div>\n\t<!-- \/module_row -->\n\t<\/div>\n","protected":false},"excerpt":{"rendered":"<p>PROGRAM FRONTA ORGANIZACIJE KONTAKT Politi\u010dka akadmija Cilj osnivanja Politi\u010dke akademije jest politi\u010dko obrazovanje i usavr\u0161avanje, te podizanje nivoa politi\u010dke komunikacije i kulture dijaloga \u010dlanova Stranke. Uvod. Politi\u010dka akademija Demokratske fronte je Statutom Demokratske fronte propisano tijelo Demokratske fronte za politi\u010dko obrazovanje i usavr\u0161avanje, te podizanje nivoa politi\u010dke komunikacije i kulture dijaloga \u010dlanova Stranke. Akademija ima [&hellip;]<\/p>\n","protected":false},"author":1,"featured_media":0,"parent":0,"menu_order":0,"comment_status":"closed","ping_status":"closed","template":"","meta":[],"builder_content":"<a href=\"http:\/\/fronta.ba\/\" > <img loading=\"lazy\" width=\"300\" height=\"134\" src=\"http:\/\/fronta.ba\/wp-content\/uploads\/2022\/03\/site_logo_white_300x134.png\" alt=\"site_logo_white_300x134\" \/> <\/a>\n<ul id=\"menu-glavni-meni-1\"><li><a href=\"http:\/\/fronta.ba\/#program\">PROGRAM<\/a><\/li> <li><a href=\"http:\/\/fronta.ba\/#fronta\">FRONTA<\/a><\/li> <li><a href=\"http:\/\/fronta.ba\/#organizacija\">ORGANIZACIJE<\/a><\/li> <li><a href=\"http:\/\/fronta.ba\/#kontakt\">KONTAKT<\/a><\/li> <\/ul>\n<h1><b>Politi\u010dka akadmija<\/b><\/h1>\n<p>Cilj osnivanja Politi\u010dke akademije jest politi\u010dko obrazovanje i usavr\u0161avanje, te podizanje nivoa politi\u010dke komunikacije i kulture dijaloga \u010dlanova Stranke.<\/p>\n<p>Uvod.<\/p>\n<p>Politi\u010dka akademija Demokratske fronte je Statutom Demokratske fronte propisano tijelo Demokratske fronte za politi\u010dko obrazovanje i usavr\u0161avanje, te podizanje nivoa politi\u010dke komunikacije i kulture dijaloga \u010dlanova Stranke. Akademija ima status organizacione jedinice Sekretarijata Stranke i kao takva u svom radu primjenjuje Statut Stranke. Radom Akademije rukovodi Koordinator Akademije kojeg je za to imenovalo Predsjedni\u0161tvo Stranke.<\/p>\n<p>Koordinator.<\/p>\n<p><strong>D\u017eevad Ad\u017eem<\/strong><\/p>\n<p>koordinator Politi\u010dke akademije<\/p> <p>Ro\u0111en je 15. 1. 1961. u Gora\u017edu. Po zanimanju je profesor odbrane i sigurnosti, a diplomu je stekao na Fakultetu politi\u010dkih nauka u Sarajevu.<\/p>\n<img loading=\"lazy\" src=\"http:\/\/fronta.ba\/wp-content\/uploads\/2022\/03\/opera-snapshot_2021-02-04_110326_www-klix-ba-1024x682-250x250.png\" width=\"250\" height=\"250\" alt=\"opera-snapshot_2021-02-04_110326_www-klix-ba\" \/>\n<p>Savjet akademije.<\/p>\n<p>\u00a0<\/p> <p>Vije\u0107e za ustavno \u2013 pravna i politi\u010dka pitanja i legislative<\/p> <p><strong>Predsjedavaju\u0107i: Dennis Gratz<\/strong><\/p> <p>\u00a0<\/p> <p>Vije\u0107e za dru\u0161tvena prava<\/p> <p><strong>Predsjedavaju\u0107a: Alma Kratina<\/strong><\/p> <p>\u00a0<\/p> <p>Vije\u0107e za ekonomsku politiku i strategiju<\/p> <p><strong>Predsjedavaju\u0107i: Muhidin Zametica\u00a0\u00a0<\/strong><\/p> <p>\u00a0<\/p> <p>Vije\u0107e za obrazovanje i nauku<\/p> <p><strong>Predsjedavaju\u0107a: Aida Arnautovi\u0107\u00a0\u00a0\u00a0<\/strong><\/p> <p>\u00a0<\/p> <p>Vije\u0107e za edukaciju \u010dlanstva<\/p> <p><strong>Predsjedavaju\u0107i:<\/strong><\/p> <p>\u00a0<\/p> <p>Vije\u0107e za op\u0107e i lokalne izbore:<\/p> <p><strong>Predsjedavaju\u0107i:<\/strong><\/p> <p>\u00a0<\/p> <p>Vije\u0107e za zdravstvo i socijalnu za\u0161titu<\/p> <p><strong>Predsjedavaju\u0107i: Milan Mandilovi\u0107<\/strong><\/p> <p>\u00a0<\/p> <p>Vije\u0107e za dijasporu<\/p> <p><strong>Predsjedavaju\u0107i: Mirsad Duratovi\u0107<\/strong><\/p>\n<iframe title=\"Predizborni spot DF-GS, \u017deljko Kom\u0161i\u0107: BiH Pobje\u0111uje!\" width=\"1165\" height=\"655\" src=\"https:\/\/www.youtube.com\/embed\/7IQXsBqQdp4?feature=oembed\" allow=\"accelerometer; autoplay; clipboard-write; encrypted-media; gyroscope; picture-in-picture; web-share\" referrerpolicy=\"strict-origin-when-cross-origin\" allowfullscreen><\/iframe>\n<p>Kada <strong>pobje\u0111uju<\/strong> po\u0161tenje i istina i <strong>Bosne i Hercegovina<\/strong> pobje\u0111uje!<\/p>\n<p><strong>Pridru\u017ei <\/strong>nam se.<\/p>\n\n<p><strong>Dokumenti<\/strong><\/p> <p>\u00a0<\/p> <p><a href=\"http:\/\/fronta.ba\/index.php\/za-gradjansku-drzavu\/\" data-wplink-url-error=\"true\">Programska deklaracija<strong> \"Za gra\u0111ansku dr\u017eavu!\"<\/strong><\/a><\/p> <p><a href=\"http:\/\/fronta.ba\/index.php\/osnivacki-manifest\/\" data-wplink-url-error=\"true\"><strong>Manifest<\/strong> Demokratske fronte<\/a><\/p> <p><a href=\"http:\/\/fronta.ba\/index.php\/statut\/\" data-wplink-url-error=\"true\"><strong>Statut<\/strong> Demokratske fronte<\/a><\/p> <p><a href=\"http:\/\/fronta.ba\/index.php\/politicka-akademija\/\" data-wplink-url-error=\"true\"><strong>Politi\u010dka akademija<\/strong> Demokratske fronte<\/a><\/p>\n<p><strong>Fronta<\/strong><\/p> <p>\u00a0<\/p> <p><a href=\"http:\/\/fronta.ba\/index.php\/predsjednistvo\/\" data-wplink-url-error=\"true\">Predsjednik<\/a><\/p> <p><a href=\"http:\/\/fronta.ba\/index.php\/dzenan-djonlagic\/\" data-wplink-url-error=\"true\">Generalni sekretar<\/a><\/p> <p><a href=\"http:\/\/fronta.ba\/index.php\/predsjednistvo\/\" data-wplink-url-error=\"true\">\u010clanovi Predsjedni\u0161tva<\/a><\/p> <p><a href=\"http:\/\/fronta.ba\/index.php\/nosioci-funkcija\/\" data-wplink-url-error=\"true\">Nosioci funkcija<\/a><\/p>\n<p><strong>Sekretarijat Demokratske fronte<\/strong><\/p> <p>\u00a0<\/p> <p>Adresa: <strong>Radi\u0107eva br. 8, 71 000 Sarajevo<\/strong><\/p> <p>Telefon: <strong>+387 (0)33 710 400<\/strong><\/p> <p>Fax: <strong>+387 (0)33 711 620<\/strong><\/p> <p>E-mail: <strong>sekretarijat@fronta.ba<\/strong><\/p>\n<p>Copyright \u00a9 2022 - Demokratska fronta - Design by AL<\/p>\n<a href=\"https:\/\/www.facebook.com\/Demokratska.fronta.BiH\"> <\/a> <a href=\"https:\/\/www.instagram.com\/demokratskafronta\/ \"> <\/a> <a href=\"https:\/\/twitter.com\/df_bih \"> <\/a> <a href=\"https:\/\/www.youtube.com\/channel\/UC5tYBryUQJvRvMbsf-XN6sw\"> <\/a>","_links":{"self":[{"href":"http:\/\/fronta.ba\/index.php\/wp-json\/wp\/v2\/pages\/275"}],"collection":[{"href":"http:\/\/fronta.ba\/index.php\/wp-json\/wp\/v2\/pages"}],"about":[{"href":"http:\/\/fronta.ba\/index.php\/wp-json\/wp\/v2\/types\/page"}],"author":[{"embeddable":true,"href":"http:\/\/fronta.ba\/index.php\/wp-json\/wp\/v2\/users\/1"}],"replies":[{"embeddable":true,"href":"http:\/\/fronta.ba\/index.php\/wp-json\/wp\/v2\/comments?post=275"}],"version-history":[{"count":11,"href":"http:\/\/fronta.ba\/index.php\/wp-json\/wp\/v2\/pages\/275\/revisions"}],"predecessor-version":[{"id":336,"href":"http:\/\/fronta.ba\/index.php\/wp-json\/wp\/v2\/pages\/275\/revisions\/336"}],"wp:attachment":[{"href":"http:\/\/fronta.ba\/index.php\/wp-json\/wp\/v2\/media?parent=275"}],"curies":[{"name":"wp","href":"https:\/\/api.w.org\/{rel}","templated":true}]}}